{"id":81,"date":"2018-03-27T14:52:03","date_gmt":"2018-03-27T14:52:03","guid":{"rendered":"http:\/\/themes.muffingroup.com\/be\/accountant3\/?page_id=11"},"modified":"2020-07-11T14:08:33","modified_gmt":"2020-07-11T14:08:33","slug":"cografi-bilgi-sistemleri-cbs","status":"publish","type":"page","link":"https:\/\/vahaptecim.com.tr\/?page_id=81","title":{"rendered":"Co\u011frafi Bilgi Sistemleri"},"content":{"rendered":"<p style=\"text-align: center;\">A\u015fa\u011f\u0131daki linkleri kullanarak Co\u011frafi Bilgi Sistemleri kitab\u0131m\u0131 bilgisayar\u0131n\u0131z indirebilece\u011finiz gibi internet \u00fczerinden okuman\u0131z da m\u00fcmk\u00fcnd\u00fcr.<\/p>\n<table align=\"center\">\n<tbody>\n<tr>\n<td style=\"text-align: center;\" align=\"center\">\n<pre><strong><a href=\"https:\/\/vahaptecim.com.tr\/e-kitaplar\/CBS_kitap_.pdf\">CBS E-Kitab\u0131 PDF Olarak \u0130ndir<\/a><\/strong>\r\n\r\n<strong><img fetchpriority=\"high\" decoding=\"async\" class=\"alignnone size-medium wp-image-205\" src=\"https:\/\/vahaptecim.com.tr\/wp-content\/uploads\/2020\/07\/CBS_kitap_kapak-222x300.jpg\" alt=\"\" width=\"222\" height=\"300\" srcset=\"https:\/\/vahaptecim.com.tr\/wp-content\/uploads\/2020\/07\/CBS_kitap_kapak-222x300.jpg 222w, https:\/\/vahaptecim.com.tr\/wp-content\/uploads\/2020\/07\/CBS_kitap_kapak-757x1024.jpg 757w, https:\/\/vahaptecim.com.tr\/wp-content\/uploads\/2020\/07\/CBS_kitap_kapak-768x1039.jpg 768w, https:\/\/vahaptecim.com.tr\/wp-content\/uploads\/2020\/07\/CBS_kitap_kapak-1135x1536.jpg 1135w, https:\/\/vahaptecim.com.tr\/wp-content\/uploads\/2020\/07\/CBS_kitap_kapak-1513x2048.jpg 1513w, https:\/\/vahaptecim.com.tr\/wp-content\/uploads\/2020\/07\/CBS_kitap_kapak-108x146.jpg 108w, https:\/\/vahaptecim.com.tr\/wp-content\/uploads\/2020\/07\/CBS_kitap_kapak-37x50.jpg 37w, https:\/\/vahaptecim.com.tr\/wp-content\/uploads\/2020\/07\/CBS_kitap_kapak-55x75.jpg 55w, https:\/\/vahaptecim.com.tr\/wp-content\/uploads\/2020\/07\/CBS_kitap_kapak-scaled.jpg 1891w\" sizes=\"(max-width: 222px) 100vw, 222px\" \/><\/strong>\r\n\r\n<strong><a href=\"https:\/\/vahaptecim.com.tr\/e-kitaplar\/fliphtml\/book3\/VT_CBS_Kitap.html\">CBS E-Kitab\u0131 Oku<\/a><\/strong><\/pre>\n<\/td>\n<\/tr>\n<\/tbody>\n<\/table>\n","protected":false},"excerpt":{"rendered":"<p>A\u015fa\u011f\u0131daki linkleri kullanarak Co\u011frafi Bilgi Sistemleri kitab\u0131m\u0131 bilgisayar\u0131n\u0131z indirebilece\u011finiz gibi internet \u00fczerinden okuman\u0131z da m\u00fcmk\u00fcnd\u00fcr. CBS E-Kitab\u0131 PDF Olarak \u0130ndir CBS E-Kitab\u0131 Oku<\/p>\n","protected":false},"author":2,"featured_media":0,"parent":0,"menu_order":0,"comment_status":"closed","ping_status":"closed","template":"","meta":{"_monsterinsights_skip_tracking":false,"_monsterinsights_sitenote_active":false,"_monsterinsights_sitenote_note":"","_monsterinsights_sitenote_category":0,"footnotes":""},"class_list":["post-81","page","type-page","status-publish","hentry"],"_links":{"self":[{"href":"https:\/\/vahaptecim.com.tr\/index.php?rest_route=\/wp\/v2\/pages\/81","targetHints":{"allow":["GET"]}}],"collection":[{"href":"https:\/\/vahaptecim.com.tr\/index.php?rest_route=\/wp\/v2\/pages"}],"about":[{"href":"https:\/\/vahaptecim.com.tr\/index.php?rest_route=\/wp\/v2\/types\/page"}],"author":[{"embeddable":true,"href":"https:\/\/vahaptecim.com.tr\/index.php?rest_route=\/wp\/v2\/users\/2"}],"replies":[{"embeddable":true,"href":"https:\/\/vahaptecim.com.tr\/index.php?rest_route=%2Fwp%2Fv2%2Fcomments&post=81"}],"version-history":[{"count":17,"href":"https:\/\/vahaptecim.com.tr\/index.php?rest_route=\/wp\/v2\/pages\/81\/revisions"}],"predecessor-version":[{"id":224,"href":"https:\/\/vahaptecim.com.tr\/index.php?rest_route=\/wp\/v2\/pages\/81\/revisions\/224"}],"wp:attachment":[{"href":"https:\/\/vahaptecim.com.tr\/index.php?rest_route=%2Fwp%2Fv2%2Fmedia&parent=81"}],"curies":[{"name":"wp","href":"https:\/\/api.w.org\/{rel}","templated":true}]}}